{"id":17,"date":"2022-09-20T07:33:27","date_gmt":"2022-09-20T07:33:27","guid":{"rendered":"https:\/\/brillen-edenkoben.de\/?page_id=17"},"modified":"2023-10-31T16:54:00","modified_gmt":"2023-10-31T16:54:00","slug":"vor-ort-service","status":"publish","type":"page","link":"https:\/\/brillen-edenkoben.de\/?page_id=17","title":{"rendered":"Vor-Ort-Service"},"content":{"rendered":"\n<p class=\"has-text-align-center has-background\" style=\"background-color:#595959\">Kunden, die nicht mehr ins Gesch\u00e4ft&nbsp;kommen k\u00f6nnen, <br>besuche ich gerne zuhause.<br>Ich biete Ihnen den kompletten Brillenservice,&nbsp;<br>von der Augen\u00fcberpr\u00fcfung \u00fcber die Auswahl einer&nbsp;entsprechenden Fassung <br>bis zum Richten der Brille.<\/p>\n\n\n<div class=\"wp-block-image\">\n<figure class=\"aligncenter size-full\"><img loading=\"lazy\" decoding=\"async\" width=\"300\" height=\"300\" src=\"https:\/\/brillen-edenkoben.de\/wp-content\/uploads\/2022\/09\/f.jpg\" alt=\"\" class=\"wp-image-75\" srcset=\"https:\/\/brillen-edenkoben.de\/wp-content\/uploads\/2022\/09\/f.jpg 300w, https:\/\/brillen-edenkoben.de\/wp-content\/uploads\/2022\/09\/f-150x150.jpg 150w\" sizes=\"auto, (max-width: 300px) 100vw, 300px\" \/><\/figure>\n<\/div>","protected":false},"excerpt":{"rendered":"<p>Kunden, die nicht mehr ins Gesch\u00e4ft&nbsp;kommen k\u00f6nnen, besuche ich gerne zuhause.Ich biete Ihnen den kompletten Brillenservice,&nbsp;von der Augen\u00fcberpr\u00fcfung \u00fcber die Auswahl einer&nbsp;entsprechenden Fassung bis zum [&#8230;]<\/p>\n","protected":false},"author":1,"featured_media":0,"parent":0,"menu_order":0,"comment_status":"closed","ping_status":"closed","template":"","meta":{"footnotes":""},"class_list":["post-17","page","type-page","status-publish","hentry"],"_links":{"self":[{"href":"https:\/\/brillen-edenkoben.de\/index.php?rest_route=\/wp\/v2\/pages\/17","targetHints":{"allow":["GET"]}}],"collection":[{"href":"https:\/\/brillen-edenkoben.de\/index.php?rest_route=\/wp\/v2\/pages"}],"about":[{"href":"https:\/\/brillen-edenkoben.de\/index.php?rest_route=\/wp\/v2\/types\/page"}],"author":[{"embeddable":true,"href":"https:\/\/brillen-edenkoben.de\/index.php?rest_route=\/wp\/v2\/users\/1"}],"replies":[{"embeddable":true,"href":"https:\/\/brillen-edenkoben.de\/index.php?rest_route=%2Fwp%2Fv2%2Fcomments&post=17"}],"version-history":[{"count":5,"href":"https:\/\/brillen-edenkoben.de\/index.php?rest_route=\/wp\/v2\/pages\/17\/revisions"}],"predecessor-version":[{"id":611,"href":"https:\/\/brillen-edenkoben.de\/index.php?rest_route=\/wp\/v2\/pages\/17\/revisions\/611"}],"wp:attachment":[{"href":"https:\/\/brillen-edenkoben.de\/index.php?rest_route=%2Fwp%2Fv2%2Fmedia&parent=17"}],"curies":[{"name":"wp","href":"https:\/\/api.w.org\/{rel}","templated":true}]}}