{"id":19,"date":"2022-09-20T07:34:11","date_gmt":"2022-09-20T07:34:11","guid":{"rendered":"https:\/\/brillen-edenkoben.de\/?page_id=19"},"modified":"2023-10-31T16:53:21","modified_gmt":"2023-10-31T16:53:21","slug":"augenueberpruefung","status":"publish","type":"page","link":"https:\/\/brillen-edenkoben.de\/?page_id=19","title":{"rendered":"Augen\u00fcberpr\u00fcfung"},"content":{"rendered":"\n<h3 class=\"wp-block-heading has-text-align-center has-light-gray-color has-text-color has-background\" style=\"background-color:#595959\">Augen\u00fcberpr\u00fcfung<\/h3>\n\n\n\n<p class=\"has-text-align-center has-background\" style=\"background-color:#595959\">Gutes Sehen setzt eine ausf\u00fchrliche Messung der Augen voraus.<br>Zum Ermitteln Ihrer Sehst\u00e4rke nehme ich mir die n\u00f6tige Zeit.<br>Die Augen\u00fcberpr\u00fcfung geh\u00f6rt zu meinem Service rund um Ihre Brille.<\/p>\n\n\n<div class=\"wp-block-image is-style-default\">\n<figure class=\"aligncenter size-full\"><img loading=\"lazy\" decoding=\"async\" width=\"300\" height=\"300\" src=\"https:\/\/brillen-edenkoben.de\/wp-content\/uploads\/2022\/09\/m.jpg\" alt=\"\" class=\"wp-image-73\" srcset=\"https:\/\/brillen-edenkoben.de\/wp-content\/uploads\/2022\/09\/m.jpg 300w, https:\/\/brillen-edenkoben.de\/wp-content\/uploads\/2022\/09\/m-150x150.jpg 150w\" sizes=\"auto, (max-width: 300px) 100vw, 300px\" \/><\/figure>\n<\/div>\n\n\n<hr class=\"wp-block-separator has-alpha-channel-opacity\"\/>\n","protected":false},"excerpt":{"rendered":"<p>Augen\u00fcberpr\u00fcfung Gutes Sehen setzt eine ausf\u00fchrliche Messung der Augen voraus.Zum Ermitteln Ihrer Sehst\u00e4rke nehme ich mir die n\u00f6tige Zeit.Die Augen\u00fcberpr\u00fcfung geh\u00f6rt zu meinem Service rund [&#8230;]<\/p>\n","protected":false},"author":1,"featured_media":0,"parent":0,"menu_order":0,"comment_status":"closed","ping_status":"closed","template":"","meta":{"footnotes":""},"class_list":["post-19","page","type-page","status-publish","hentry"],"_links":{"self":[{"href":"https:\/\/brillen-edenkoben.de\/index.php?rest_route=\/wp\/v2\/pages\/19","targetHints":{"allow":["GET"]}}],"collection":[{"href":"https:\/\/brillen-edenkoben.de\/index.php?rest_route=\/wp\/v2\/pages"}],"about":[{"href":"https:\/\/brillen-edenkoben.de\/index.php?rest_route=\/wp\/v2\/types\/page"}],"author":[{"embeddable":true,"href":"https:\/\/brillen-edenkoben.de\/index.php?rest_route=\/wp\/v2\/users\/1"}],"replies":[{"embeddable":true,"href":"https:\/\/brillen-edenkoben.de\/index.php?rest_route=%2Fwp%2Fv2%2Fcomments&post=19"}],"version-history":[{"count":9,"href":"https:\/\/brillen-edenkoben.de\/index.php?rest_route=\/wp\/v2\/pages\/19\/revisions"}],"predecessor-version":[{"id":610,"href":"https:\/\/brillen-edenkoben.de\/index.php?rest_route=\/wp\/v2\/pages\/19\/revisions\/610"}],"wp:attachment":[{"href":"https:\/\/brillen-edenkoben.de\/index.php?rest_route=%2Fwp%2Fv2%2Fmedia&parent=19"}],"curies":[{"name":"wp","href":"https:\/\/api.w.org\/{rel}","templated":true}]}}