{"id":30,"date":"2022-09-20T07:39:03","date_gmt":"2022-09-20T07:39:03","guid":{"rendered":"https:\/\/brillen-edenkoben.de\/?page_id=30"},"modified":"2023-10-31T16:58:22","modified_gmt":"2023-10-31T16:58:22","slug":"impressum-und-datenschutzerklaerung","status":"publish","type":"page","link":"https:\/\/brillen-edenkoben.de\/?page_id=30","title":{"rendered":"Impressum und Datenschutzerkl\u00e4rung"},"content":{"rendered":"\n<h2 class=\"wp-block-heading has-text-align-center has-white-color has-text-color\">Impressum und Datenschutzerkl\u00e4rung<\/h2>\n\n\n\n<div class=\"wp-block-group\"><div class=\"wp-block-group__inner-container is-layout-constrained wp-block-group-is-layout-constrained\">\n<p class=\"has-text-align-center has-white-color has-text-color has-background\" style=\"background-color:#595959\">Sebastian Uehlin,<br>Augenoptikermeister,<br>Bahnhofstr. 3,<br>67480 Edenkoben<br><br>Tel. 06323 \u2013 704280<br>mobil 0172 \u2013 6264672<br>email: post@brillen-edenkoben.de<br><br>Auf dieser Homepage m\u00f6chte ich einen \u00dcberblick \u00fcber meine Arbeit w\u00e4hrend der letzten Jahre geben.<br>Die Inhalte dieser und der verlinkten Inhalte von Sebastian Uehlin, Augenoptikermeister,<br>sind urheberrechtlich gesch\u00fctzt. Auf die Inhalte anderer verlinkter Seiten habe ich keinen<br>Einfluss. Somit kann ich hierf\u00fcr keine Verantwortung \u00fcbernehmen.<br>S\u00e4mtliche abgebildeten Personen haben der Ver\u00f6ffentlichung zugestimmt.<\/p>\n\n\n\n<h3 class=\"wp-block-heading has-text-align-center\">Datenschutzerkl\u00e4rung<\/h3>\n\n\n\n<p class=\"has-text-align-center has-light-gray-color has-text-color has-background\" style=\"background-color:#595959\">Mit dem Hoster \u201eionos\u201c meiner Domain &nbsp;https:\/\/brillen-edenkoben.de und den betreffenden Subdomains habe ich eine Auftragsdatenvereinbarung, die den gesetzlichen Vorgaben entspricht.<br><br>email zum Thema Datenschutz: datenschutz@brillen-edenkoben.de<\/p>\n\n\n\n<p class=\"has-text-align-center has-light-gray-color has-text-color has-background\" style=\"background-color:#595959\">Sollten Sie mit mir per E-Mail Kontakt aufnehmen, so verwende ich Ihre E-Mail-Adresse nur, um Ihnen zu antworten. Ich empfehle Ihnen zur Sicherheit, f\u00fcr den Kontakt mit mir Ihre E-Mail-Adresse zu verschl\u00fcsseln. Ich nehme den Datenschutz sehr ernst und behandele Ihre personenbezogenen Daten entsprechend der gesetzlichen Vorschriften. Bedenken Sie, dass die Daten\u00fcbertragung im Internet grunds\u00e4tzlich mit Sicherheitsl\u00fccken bedacht sein kann. Ein vollumf\u00e4nglicher Schutz vor dem Zugriff durch Fremde ist nicht realisierbar.<\/p>\n\n\n\n<p class=\"has-text-align-center has-light-gray-color has-text-color has-background\" style=\"background-color:#595959\">Zugriffsdaten<br>Der Internet-Provider erhebt Daten \u00fcber Zugriffe auf die Seite und speichert diese als \u201eServer-Logfiles\u201c ab. Folgende Daten werden so protokolliert: Besuchte Website Uhrzeit zum Zeitpunkt des Zugriffes Menge der gesendeten Daten in Byte Quelle\/Verweis, von welchem Sie auf die Seite gelangten Verwendeter Browser Verwendetes Betriebssystem \u2013 Verwendete IP-Adresse \u2013 Die erhobenen Daten dienen lediglich statistischen Auswertungen und zur Verbesserung der Website. Sebastian Uehlin beh\u00e4lt sich allerdings vor, die Server-Logfiles nachtr\u00e4glich zu \u00fcberpr\u00fcfen, sollten konkrete Anhaltspunkte auf eine rechtswidrige Nutzung hinweisen.<\/p>\n\n\n\n<p class=\"has-text-align-center has-light-gray-color has-text-color has-background\" style=\"background-color:#595959\">Cookies<br>Diese Website setzt auf Ihrem Endger\u00e4t Cookies \u2013 kleine Textteile, um eine vollst\u00e4ndige und leichte Nutzung zu unterst\u00fctzen. Wenn Sie damit einverstanden sind, klicken Sie auf \u201eAkzeptieren\u201c. Sie k\u00f6nnen die Website auch ohne \u201eAkzeptieren\u201c nutzen, wobei allerdings nicht gesichert ist, dass Sie alle Inhalte erfassen werden k\u00f6nnen. \u00dcber den weiteren Umgang mit Cookies siehe untenstehende Erl\u00e4uterungen.<br>Sie haben einen Anspruch auf Auskunft der Sie betreffenden gespeicherten Daten, einen Anspruch auf Korrektur falsch erfasster Daten und die L\u00f6sung Ihrer Daten ganz oder teilweise, soweit dem L\u00f6schungsanspruch nicht Gesetze entgegenstehen, die mich verpflichten, die Daten zu speichern.<br>Nach Ablauf der gesetzlichen Speicherfristen werden Ihre Daten gel\u00f6scht.<\/p>\n\n\n\n<p class=\"has-text-align-center has-light-gray-color has-text-color has-background\" style=\"background-color:#595959\">YouTube Plugin<br>Diese Internetseite beinhaltet mindestens ein Plugin von YouTube, geh\u00f6rig zur Google Inc., ans\u00e4ssig in San Bruno\/Kalifornien, USA. Sobald Sie mit einem YouTube-Plugin ausgestattete Seiten unserer Internetpr\u00e4senz besuchen, wird eine Verbindung zu den Servern von YouTube aufgebaut. Dabei wird dem Youtube-Server mitgeteilt, welche spezielle Seite unserer Internetpr\u00e4senz von Ihnen besucht wurde. Sollten Sie obendrein in Ihrem YouTube-Account eingeloggt sein, w\u00fcrden Sie es YouTube erm\u00f6glichen, Ihr Surfverhalten direkt Ihrem pers\u00f6nlichen Profil zuzuordnen. Sie k\u00f6nnen diese M\u00f6glichkeit der Zuordnung zunichte machen, wenn Sie sich vorher aus Ihrem Account ausloggen. Weitere Informationen zur Erhebung und Nutzung Ihrer Daten durch YouTube erhalten Sie in den dortigen Hinweisen zum Datenschutz unter www.youtube.com.<\/p>\n<\/div><\/div>\n\n\n\n<p class=\"has-secondary-color has-text-color\"><\/p>\n","protected":false},"excerpt":{"rendered":"<p>Impressum und Datenschutzerkl\u00e4rung Sebastian Uehlin,Augenoptikermeister,Bahnhofstr. 3,67480 Edenkoben Tel. 06323 \u2013 704280mobil 0172 \u2013 6264672email: post@brillen-edenkoben.de Auf dieser Homepage m\u00f6chte ich einen \u00dcberblick \u00fcber meine Arbeit [&#8230;]<\/p>\n","protected":false},"author":1,"featured_media":0,"parent":0,"menu_order":0,"comment_status":"closed","ping_status":"closed","template":"","meta":{"footnotes":""},"class_list":["post-30","page","type-page","status-publish","hentry"],"_links":{"self":[{"href":"https:\/\/brillen-edenkoben.de\/index.php?rest_route=\/wp\/v2\/pages\/30","targetHints":{"allow":["GET"]}}],"collection":[{"href":"https:\/\/brillen-edenkoben.de\/index.php?rest_route=\/wp\/v2\/pages"}],"about":[{"href":"https:\/\/brillen-edenkoben.de\/index.php?rest_route=\/wp\/v2\/types\/page"}],"author":[{"embeddable":true,"href":"https:\/\/brillen-edenkoben.de\/index.php?rest_route=\/wp\/v2\/users\/1"}],"replies":[{"embeddable":true,"href":"https:\/\/brillen-edenkoben.de\/index.php?rest_route=%2Fwp%2Fv2%2Fcomments&post=30"}],"version-history":[{"count":13,"href":"https:\/\/brillen-edenkoben.de\/index.php?rest_route=\/wp\/v2\/pages\/30\/revisions"}],"predecessor-version":[{"id":617,"href":"https:\/\/brillen-edenkoben.de\/index.php?rest_route=\/wp\/v2\/pages\/30\/revisions\/617"}],"wp:attachment":[{"href":"https:\/\/brillen-edenkoben.de\/index.php?rest_route=%2Fwp%2Fv2%2Fmedia&parent=30"}],"curies":[{"name":"wp","href":"https:\/\/api.w.org\/{rel}","templated":true}]}}